{"id":1232,"date":"2024-01-26T20:36:06","date_gmt":"2024-01-26T20:36:06","guid":{"rendered":"https:\/\/careplusmedicine.com\/?page_id=1232"},"modified":"2024-02-13T21:45:41","modified_gmt":"2024-02-13T21:45:41","slug":"%e7%96%bc%e7%97%9b%e6%b2%bb%e7%96%97","status":"publish","type":"page","link":"http:\/\/careplusmedicine.com\/vi\/cn\/%e7%96%bc%e7%97%9b%e6%b2%bb%e7%96%97\/","title":{"rendered":"\u75bc\u75db\u6cbb\u7597"},"content":{"rendered":"<div data-elementor-type=\"wp-page\" data-elementor-id=\"1232\" class=\"elementor elementor-1232\" data-elementor-post-type=\"page\">\n\t\t\t\t\t\t<section data-particle_enable=\"false\" data-particle-mobile-disabled=\"false\" class=\"elementor-section elementor-top-section elementor-element elementor-element-b22ab6a elementor-section-full_width elementor-reverse-mobile elementor-section-content-middle elementor-section-height-default elementor-section-height-default elementor-invisible\" data-id=\"b22ab6a\" data-element_type=\"section\" data-settings=\"{&quot;background_background&quot;:&quot;classic&quot;,&quot;animation&quot;:&quot;fadeInDown&quot;}\">\n\t\t\t\t\t\t<div class=\"elementor-container elementor-column-gap-default\">\n\t\t\t\t\t<div class=\"elementor-column elementor-col-50 elementor-top-column elementor-element elementor-element-2ee6a78\" data-id=\"2ee6a78\" data-element_type=\"column\" data-settings=\"{&quot;background_background&quot;:&quot;classic&quot;}\">\n\t\t\t<div class=\"elementor-widget-wrap elementor-element-populated\">\n\t\t\t\t\t\t<section data-particle_enable=\"false\" data-particle-mobile-disabled=\"false\" class=\"elementor-section elementor-inner-section elementor-element elementor-element-8635148 elementor-section-boxed elementor-section-height-default elementor-section-height-default\" data-id=\"8635148\" data-element_type=\"section\">\n\t\t\t\t\t\t<div class=\"elementor-container elementor-column-gap-default\">\n\t\t\t\t\t<div class=\"elementor-column elementor-col-100 elementor-inner-column elementor-element elementor-element-33b92b6\" data-id=\"33b92b6\" data-element_type=\"column\" data-settings=\"{&quot;background_background&quot;:&quot;classic&quot;}\">\n\t\t\t<div class=\"elementor-widget-wrap elementor-element-populated\">\n\t\t\t\t\t\t<div class=\"elementor-element elementor-element-08a2e1d elementor-widget elementor-widget-heading\" data-id=\"08a2e1d\" data-element_type=\"widget\" data-widget_type=\"heading.default\">\n\t\t\t\t<div class=\"elementor-widget-container\">\n\t\t\t<style>\/*! elementor - v3.19.0 - 28-02-2024 *\/\n.elementor-heading-title{padding:0;margin:0;line-height:1}.elementor-widget-heading .elementor-heading-title[class*=elementor-size-]>a{color:inherit;font-size:inherit;line-height:inherit}.elementor-widget-heading .elementor-heading-title.elementor-size-small{font-size:15px}.elementor-widget-heading .elementor-heading-title.elementor-size-medium{font-size:19px}.elementor-widget-heading .elementor-heading-title.elementor-size-large{font-size:29px}.elementor-widget-heading .elementor-heading-title.elementor-size-xl{font-size:39px}.elementor-widget-heading .elementor-heading-title.elementor-size-xxl{font-size:59px}<\/style><h2 class=\"elementor-heading-title elementor-size-default\">\u75bc\u75db\u6cbb\u7597<\/h2>\t\t<\/div>\n\t\t\t\t<\/div>\n\t\t\t\t<div class=\"elementor-element elementor-element-173548b elementor-widget elementor-widget-text-editor\" data-id=\"173548b\" data-element_type=\"widget\" data-widget_type=\"text-editor.default\">\n\t\t\t\t<div class=\"elementor-widget-container\">\n\t\t\t<style>\/*! elementor - v3.19.0 - 28-02-2024 *\/\n.elementor-widget-text-editor.elementor-drop-cap-view-stacked .elementor-drop-cap{background-color:#69727d;color:#fff}.elementor-widget-text-editor.elementor-drop-cap-view-framed .elementor-drop-cap{color:#69727d;border:3px solid;background-color:transparent}.elementor-widget-text-editor:not(.elementor-drop-cap-view-default) .elementor-drop-cap{margin-top:8px}.elementor-widget-text-editor:not(.elementor-drop-cap-view-default) .elementor-drop-cap-letter{width:1em;height:1em}.elementor-widget-text-editor .elementor-drop-cap{float:left;text-align:center;line-height:1;font-size:50px}.elementor-widget-text-editor .elementor-drop-cap-letter{display:inline-block}<\/style>\t\t\t\t<p><span style=\"font-weight: 400;\">B\u1ea1n c\u00f3 th\u1ec3 l\u00e0m \u0111\u01b0\u1ee3c \u0111i\u1ec1u \u0111\u00f3.\u6240, \u6211\u4eec\u63d0\u4f9b\u5168\u9762\u7684\u75bc\u75db\u6cbb\u7597\u9009\u62e9,\u5305\u62ec\u75bc\u75db\u836f\u7269,\u9488\u7078\u548c\u7535\u808c\u523a\u6fc0\uff08EMS\uff09<\/span><\/p>\t\t\t\t\t\t<\/div>\n\t\t\t\t<\/div>\n\t\t\t\t\t<\/div>\n\t\t<\/div>\n\t\t\t\t\t<\/div>\n\t\t<\/section>\n\t\t\t\t\t<\/div>\n\t\t<\/div>\n\t\t\t\t<div class=\"elementor-column elementor-col-50 elementor-top-column elementor-element elementor-element-345fce4\" data-id=\"345fce4\" data-element_type=\"column\" data-settings=\"{&quot;background_background&quot;:&quot;classic&quot;}\">\n\t\t\t<div class=\"elementor-widget-wrap elementor-element-populated\">\n\t\t\t\t\t\t<div class=\"elementor-element elementor-element-04ab634 elementor-widget elementor-widget-spacer\" data-id=\"04ab634\" data-element_type=\"widget\" data-widget_type=\"spacer.default\">\n\t\t\t\t<div class=\"elementor-widget-container\">\n\t\t\t<style>\/*! elementor - v3.19.0 - 28-02-2024 *\/\n.elementor-column .elementor-spacer-inner{height:var(--spacer-size)}.e-con{--container-widget-width:100%}.e-con-inner>.elementor-widget-spacer,.e-con>.elementor-widget-spacer{width:var(--container-widget-width,var(--spacer-size));--align-self:var(--container-widget-align-self,initial);--flex-shrink:0}.e-con-inner>.elementor-widget-spacer>.elementor-widget-container,.e-con>.elementor-widget-spacer>.elementor-widget-container{height:100%;width:100%}.e-con-inner>.elementor-widget-spacer>.elementor-widget-container>.elementor-spacer,.e-con>.elementor-widget-spacer>.elementor-widget-container>.elementor-spacer{height:100%}.e-con-inner>.elementor-widget-spacer>.elementor-widget-container>.elementor-spacer>.elementor-spacer-inner,.e-con>.elementor-widget-spacer>.elementor-widget-container>.elementor-spacer>.elementor-spacer-inner{height:var(--container-widget-height,var(--spacer-size))}.e-con-inner>.elementor-widget-spacer.elementor-widget-empty,.e-con>.elementor-widget-spacer.elementor-widget-empty{position:relative;min-height:22px;min-width:22px}.e-con-inner>.elementor-widget-spacer.elementor-widget-empty .elementor-widget-empty-icon,.e-con>.elementor-widget-spacer.elementor-widget-empty .elementor-widget-empty-icon{position:absolute;top:0;bottom:0;left:0;right:0;margin:auto;padding:0;width:22px;height:22px}<\/style>\t\t<div class=\"elementor-spacer\">\n\t\t\t<div class=\"elementor-spacer-inner\"><\/div>\n\t\t<\/div>\n\t\t\t\t<\/div>\n\t\t\t\t<\/div>\n\t\t\t\t\t<\/div>\n\t\t<\/div>\n\t\t\t\t\t<\/div>\n\t\t<\/section>\n\t\t\t\t<section data-particle_enable=\"false\" data-particle-mobile-disabled=\"false\" class=\"elementor-section elementor-top-section elementor-element elementor-element-8d8320b elementor-section-full_width elementor-section-height-default elementor-section-height-default elementor-invisible\" data-id=\"8d8320b\" data-element_type=\"section\" data-settings=\"{&quot;animation&quot;:&quot;fadeIn&quot;}\">\n\t\t\t\t\t\t<div class=\"elementor-container elementor-column-gap-default\">\n\t\t\t\t\t<div class=\"elementor-column elementor-col-100 elementor-top-column elementor-element elementor-element-f203ab8\" data-id=\"f203ab8\" data-element_type=\"column\">\n\t\t\t<div class=\"elementor-widget-wrap elementor-element-populated\">\n\t\t\t\t\t\t<section data-particle_enable=\"false\" data-particle-mobile-disabled=\"false\" class=\"elementor-section elementor-inner-section elementor-element elementor-element-e08d863 elementor-section-full_width elementor-section-height-default elementor-section-height-default\" data-id=\"e08d863\" data-element_type=\"section\">\n\t\t\t\t\t\t<div class=\"elementor-container elementor-column-gap-default\">\n\t\t\t\t\t<div class=\"elementor-column elementor-col-50 elementor-inner-column elementor-element elementor-element-4c36250\" data-id=\"4c36250\" data-element_type=\"column\" data-settings=\"{&quot;background_background&quot;:&quot;classic&quot;}\">\n\t\t\t<div class=\"elementor-widget-wrap elementor-element-populated\">\n\t\t\t\t\t\t<div class=\"elementor-element elementor-element-f08774e elementor-widget elementor-widget-spacer\" data-id=\"f08774e\" data-element_type=\"widget\" data-widget_type=\"spacer.default\">\n\t\t\t\t<div class=\"elementor-widget-container\">\n\t\t\t\t\t<div class=\"elementor-spacer\">\n\t\t\t<div class=\"elementor-spacer-inner\"><\/div>\n\t\t<\/div>\n\t\t\t\t<\/div>\n\t\t\t\t<\/div>\n\t\t\t\t\t<\/div>\n\t\t<\/div>\n\t\t\t\t<div class=\"elementor-column elementor-col-50 elementor-inner-column elementor-element elementor-element-6f7d676\" data-id=\"6f7d676\" data-element_type=\"column\">\n\t\t\t<div class=\"elementor-widget-wrap elementor-element-populated\">\n\t\t\t\t\t\t<div class=\"elementor-element elementor-element-771085a elementor-widget elementor-widget-text-editor\" data-id=\"771085a\" data-element_type=\"widget\" data-widget_type=\"text-editor.default\">\n\t\t\t\t<div class=\"elementor-widget-container\">\n\t\t\t\t\t\t\t<p><span style=\"font-weight: 400;\">\u7535\u808c\u523a\u6fc0\uff08EMS)\u662f\u4e00\u79cd\u7ecf\u9a8c\u8b6f\u75bc\u75db\u3002\u5728\u6574\u4e2a\u6cbb\u7597\u8fc7\u7a0b\u4e2d,\u7535\u6781\u88ab\u6218\u7565\u6027\u5730\u653e\u7f6e\u5728\u5c40\u90e8\u75bc\u75db\u7684B\u1ea1n c\u00f3 th\u1ec3 l\u00e0m \u0111\u01b0\u1ee3c \u0111i\u1ec1u \u0111\u00f3 kh\u00f4ng?\u4e0d\u4f1a\u5f15\u8d77\u75bc\u75db\u3002\u6b64\u5916,\u7535\u8109\u51b2\u4fc3\u8fdb\u5185\u5561\u80bd\u7684\u4ea7\u751f,\u8fd9\u662f\u4e00\u79cd\u4fc3\u8fdb\u5e78\u798f\u611f\u5e76\u51cf\u8f7b\u75bc\u75db\u7684\u5316\u5b66\u7269\u8d28\u3002<\/span><\/p><p><span style=\"font-weight: 400;\">B\u1ea1n c\u00f3 th\u1ec3 s\u1eed d\u1ee5ng TeslaMax\u2122 \u0111\u1ec3 cung c\u1ea5p d\u1ecbch v\u1ee5 EMS. B\u1ea1n c\u00f3 th\u1ec3 l\u00e0m \u0111\u01b0\u1ee3c \u0111i\u1ec1u \u0111\u00f3.<\/span><\/p>\t\t\t\t\t\t<\/div>\n\t\t\t\t<\/div>\n\t\t\t\t\t<\/div>\n\t\t<\/div>\n\t\t\t\t\t<\/div>\n\t\t<\/section>\n\t\t\t\t\t<\/div>\n\t\t<\/div>\n\t\t\t\t\t<\/div>\n\t\t<\/section>\n\t\t\t\t<section data-particle_enable=\"false\" data-particle-mobile-disabled=\"false\" class=\"elementor-section elementor-top-section elementor-element elementor-element-ced62c5 elementor-section-boxed elementor-section-height-default elementor-section-height-default elementor-invisible\" data-id=\"ced62c5\" data-element_type=\"section\" data-settings=\"{&quot;background_background&quot;:&quot;classic&quot;,&quot;animation&quot;:&quot;fadeInUp&quot;}\">\n\t\t\t\t\t\t<div class=\"elementor-container elementor-column-gap-default\">\n\t\t\t\t\t<div class=\"elementor-column elementor-col-100 elementor-top-column elementor-element elementor-element-af6afcc\" data-id=\"af6afcc\" data-element_type=\"column\" data-settings=\"{&quot;background_background&quot;:&quot;classic&quot;}\">\n\t\t\t<div class=\"elementor-widget-wrap elementor-element-populated\">\n\t\t\t\t\t\t<div class=\"elementor-element elementor-element-e7dbe30 elementor-widget elementor-widget-heading\" data-id=\"e7dbe30\" data-element_type=\"widget\" data-widget_type=\"heading.default\">\n\t\t\t\t<div class=\"elementor-widget-container\">\n\t\t\t<h2 class=\"elementor-heading-title elementor-size-default\">\u65b0\u75c5\u60a3<\/h2>\t\t<\/div>\n\t\t\t\t<\/div>\n\t\t\t\t<div class=\"elementor-element elementor-element-77ac267 elementor-align-center elementor-widget elementor-widget-button\" data-id=\"77ac267\" data-element_type=\"widget\" data-widget_type=\"button.default\">\n\t\t\t\t<div class=\"elementor-widget-container\">\n\t\t\t\t\t<div class=\"elementor-button-wrapper\">\n\t\t\t<a class=\"elementor-button elementor-button-link elementor-size-sm\" href=\"http:\/\/careplusmedicine.com\/vi\/cn\/form-cn\/\">\n\t\t\t\t\t\t<span class=\"elementor-button-content-wrapper\">\n\t\t\t\t\t\t<span class=\"elementor-button-text\">\u60a3\u8005\u767b\u8a18<\/span>\n\t\t<\/span>\n\t\t\t\t\t<\/a>\n\t\t<\/div>\n\t\t\t\t<\/div>\n\t\t\t\t<\/div>\n\t\t\t\t\t<\/div>\n\t\t<\/div>\n\t\t\t\t\t<\/div>\n\t\t<\/section>\n\t\t\t\t<\/div>","protected":false},"excerpt":{"rendered":"<p>\u75bc\u75db\u6cbb\u7597 \u75bc\u75db\u662f\u4e00\u79cd\u5e38\u89c1\u7684\u72b6\u51b5\uff0c\u53ef\u80fd\u7531\u4e8e\u5e74\u9f84\u589e\u957f\u6216\u53d7\u4f24\u800c\u4ea7\u751f\uff0c\u65e0\u8bba\u662f\u6025\u6027\u8fd8\u662f\u6162\u6027\u7684\u3002\u5728\u6211\u4eec\u7684\u8bca\u6240\uff0c\u6211\u4eec\u63d0\u4f9b\u5168\u9762\u7684\u75bc\u75db\u6cbb\u7597\u9009\u62e9\uff0c\u5305\u62ec\u75bc\u75db\u836f\u7269\u3001\u9488\u7078\u548c\u7535\u808c\u523a\u6fc0\uff08EMS\uff09 \u7535\u808c\u523a\u6fc0\uff08EMS\uff09\u662f\u4e00\u79cd\u7ecf\u9a8c\u8bc1\u7684\u975e\u4fb5\u5165\u6027\u6cbb\u7597\u65b9\u6cd5\uff0c\u6d89\u53ca\u5c06\u9ad8\u9891\u7535\u4fe1\u53f7\u4f20\u8f93\u5230\u808c\u8089\u548c\u7ec4\u7ec7\u4e2d\u4ee5\u51cf\u8f7b\u75bc\u75db\u3002\u5728\u6574\u4e2a\u6cbb\u7597\u8fc7\u7a0b\u4e2d\uff0c\u7535\u6781\u88ab\u6218\u7565\u6027\u5730\u653e\u7f6e\u5728\u5c40\u90e8\u75bc\u75db\u7684\u76ae\u80a4\u4e0a\u3002\u8fd9\u4e9b\u7535\u6781\u4ea7\u751f\u7684\u4fe1\u53f7\u4e0e\u76ae\u80a4\u4e0b\u7684\u795e\u7ecf\u548c\u7ec4\u7ec7\u76f8\u4e92\u4f5c\u7528\uff0c\u523a\u6fc0\u795e\u7ecf\u548c\u7ec4\u7ec7\uff0c\u52a0\u901f\u6108\u5408\u8fc7\u7a0b\u3002\u6cbb\u7597\u671f\u95f4\u7684\u611f\u89c9\u7c7b\u4f3c\u4e8e\u8f7b\u5fae\u7684\u523a\u75db\u6216\u53d1\u75d2\uff0c\u4e0d\u4f1a\u5f15\u8d77\u75bc\u75db\u3002\u6b64\u5916\uff0c\u7535\u8109\u51b2\u4fc3\u8fdb\u5185\u5561\u80bd\u7684\u4ea7\u751f\uff0c\u8fd9\u662f\u4e00\u79cd\u4fc3\u8fdb\u5e78\u798f\u611f\u5e76\u51cf\u8f7b\u75bc\u75db\u7684\u5316\u5b66\u7269\u8d28\u3002 \u5728\u6211\u4eec\u7684\u8bca\u6240\uff0c\u6211\u4eec\u4f7f\u7528\u5c16\u7aef\u7684TeslaMax\u2122\u7535\u808c\u523a\u6fc0\uff08EMS\uff09\u4f5c\u4e3a\u6211\u4eec\u75bc\u75db\u6cbb\u7597\u7684\u4e00\u90e8\u5206\u3002\u6211\u4eec\u7684\u76ee\u6807\u662f\u5229\u7528\u8fd9\u79cd\u5148\u8fdb\u6280\u672f\u51cf\u5c11\u60a3\u8005\u7684\u4e0d\u9002\u611f\u5e76\u52a0\u901f\u6108\u5408\u8fc7\u7a0b\u3002 \u65b0\u75c5\u60a3 \u60a3\u8005\u767b\u8a18<\/p>","protected":false},"author":2,"featured_media":697,"parent":471,"menu_order":0,"comment_status":"closed","ping_status":"closed","template":"elementor_header_footer","meta":{"footnotes":""},"class_list":["post-1232","page","type-page","status-publish","has-post-thumbnail","hentry"],"yoast_head":"<!-- This site is optimized with the Yoast SEO plugin v22.2 - https:\/\/yoast.com\/wordpress\/plugins\/seo\/ -->\n<title>\u75bc\u75db\u6cbb\u7597 - Care Plus Family Medicine<\/title>\n<meta name=\"robots\" content=\"index, follow, max-snippet:-1, max-image-preview:large, max-video-preview:-1\" \/>\n<link rel=\"canonical\" href=\"http:\/\/careplusmedicine.com\/vi\/cn\/\u75bc\u75db\u6cbb\u7597\/\" \/>\n<meta property=\"og:locale\" content=\"vi_VN\" \/>\n<meta property=\"og:type\" content=\"article\" \/>\n<meta property=\"og:title\" content=\"\u75bc\u75db\u6cbb\u7597 - Care Plus Family Medicine\" \/>\n<meta property=\"og:description\" content=\"\u75bc\u75db\u6cbb\u7597 \u75bc\u75db\u662f\u4e00\u79cd\u5e38\u89c1\u7684\u72b6\u51b5\uff0c\u53ef\u80fd\u7531\u4e8e\u5e74\u9f84\u589e\u957f\u6216\u53d7\u4f24\u800c\u4ea7\u751f\uff0c\u65e0\u8bba\u662f\u6025\u6027\u8fd8\u662f\u6162\u6027\u7684\u3002\u5728\u6211\u4eec\u7684\u8bca\u6240\uff0c\u6211\u4eec\u63d0\u4f9b\u5168\u9762\u7684\u75bc\u75db\u6cbb\u7597\u9009\u62e9\uff0c\u5305\u62ec\u75bc\u75db\u836f\u7269\u3001\u9488\u7078\u548c\u7535\u808c\u523a\u6fc0\uff08EMS\uff09 \u7535\u808c\u523a\u6fc0\uff08EMS\uff09\u662f\u4e00\u79cd\u7ecf\u9a8c\u8bc1\u7684\u975e\u4fb5\u5165\u6027\u6cbb\u7597\u65b9\u6cd5\uff0c\u6d89\u53ca\u5c06\u9ad8\u9891\u7535\u4fe1\u53f7\u4f20\u8f93\u5230\u808c\u8089\u548c\u7ec4\u7ec7\u4e2d\u4ee5\u51cf\u8f7b\u75bc\u75db\u3002\u5728\u6574\u4e2a\u6cbb\u7597\u8fc7\u7a0b\u4e2d\uff0c\u7535\u6781\u88ab\u6218\u7565\u6027\u5730\u653e\u7f6e\u5728\u5c40\u90e8\u75bc\u75db\u7684\u76ae\u80a4\u4e0a\u3002\u8fd9\u4e9b\u7535\u6781\u4ea7\u751f\u7684\u4fe1\u53f7\u4e0e\u76ae\u80a4\u4e0b\u7684\u795e\u7ecf\u548c\u7ec4\u7ec7\u76f8\u4e92\u4f5c\u7528\uff0c\u523a\u6fc0\u795e\u7ecf\u548c\u7ec4\u7ec7\uff0c\u52a0\u901f\u6108\u5408\u8fc7\u7a0b\u3002\u6cbb\u7597\u671f\u95f4\u7684\u611f\u89c9\u7c7b\u4f3c\u4e8e\u8f7b\u5fae\u7684\u523a\u75db\u6216\u53d1\u75d2\uff0c\u4e0d\u4f1a\u5f15\u8d77\u75bc\u75db\u3002\u6b64\u5916\uff0c\u7535\u8109\u51b2\u4fc3\u8fdb\u5185\u5561\u80bd\u7684\u4ea7\u751f\uff0c\u8fd9\u662f\u4e00\u79cd\u4fc3\u8fdb\u5e78\u798f\u611f\u5e76\u51cf\u8f7b\u75bc\u75db\u7684\u5316\u5b66\u7269\u8d28\u3002 \u5728\u6211\u4eec\u7684\u8bca\u6240\uff0c\u6211\u4eec\u4f7f\u7528\u5c16\u7aef\u7684TeslaMax\u2122\u7535\u808c\u523a\u6fc0\uff08EMS\uff09\u4f5c\u4e3a\u6211\u4eec\u75bc\u75db\u6cbb\u7597\u7684\u4e00\u90e8\u5206\u3002\u6211\u4eec\u7684\u76ee\u6807\u662f\u5229\u7528\u8fd9\u79cd\u5148\u8fdb\u6280\u672f\u51cf\u5c11\u60a3\u8005\u7684\u4e0d\u9002\u611f\u5e76\u52a0\u901f\u6108\u5408\u8fc7\u7a0b\u3002 \u65b0\u75c5\u60a3 \u60a3\u8005\u767b\u8a18\" \/>\n<meta property=\"og:url\" content=\"http:\/\/careplusmedicine.com\/vi\/cn\/\u75bc\u75db\u6cbb\u7597\/\" \/>\n<meta property=\"og:site_name\" content=\"Care Plus Family Medicine\" \/>\n<meta property=\"article:modified_time\" content=\"2024-02-13T21:45:41+00:00\" \/>\n<meta property=\"og:image\" content=\"https:\/\/careplusmedicine.com\/wp-content\/uploads\/2023\/12\/medical-assistant-helping-patient-with-physiotherapy-exercises.jpg\" \/>\n\t<meta property=\"og:image:width\" content=\"1000\" \/>\n\t<meta property=\"og:image:height\" content=\"667\" \/>\n\t<meta property=\"og:image:type\" content=\"image\/jpeg\" \/>\n<meta name=\"twitter:card\" content=\"summary_large_image\" \/>\n<meta name=\"twitter:label1\" content=\"\u01af\u1edbc t\u00ednh th\u1eddi gian \u0111\u1ecdc\" \/>\n\t<meta name=\"twitter:data1\" content=\"1 ph\u00fat\" \/>\n<script type=\"application\/ld+json\" class=\"yoast-schema-graph\">{\"@context\":\"https:\/\/schema.org\",\"@graph\":[{\"@type\":\"WebPage\",\"@id\":\"https:\/\/careplusmedicine.com\/cn\/%e7%96%bc%e7%97%9b%e6%b2%bb%e7%96%97\/\",\"url\":\"https:\/\/careplusmedicine.com\/cn\/%e7%96%bc%e7%97%9b%e6%b2%bb%e7%96%97\/\",\"name\":\"\u75bc\u75db\u6cbb\u7597 - Care Plus Family Medicine\",\"isPartOf\":{\"@id\":\"https:\/\/careplusmedicine.com\/#website\"},\"primaryImageOfPage\":{\"@id\":\"https:\/\/careplusmedicine.com\/cn\/%e7%96%bc%e7%97%9b%e6%b2%bb%e7%96%97\/#primaryimage\"},\"image\":{\"@id\":\"https:\/\/careplusmedicine.com\/cn\/%e7%96%bc%e7%97%9b%e6%b2%bb%e7%96%97\/#primaryimage\"},\"thumbnailUrl\":\"http:\/\/careplusmedicine.com\/wp-content\/uploads\/2023\/12\/medical-assistant-helping-patient-with-physiotherapy-exercises.jpg\",\"datePublished\":\"2024-01-26T20:36:06+00:00\",\"dateModified\":\"2024-02-13T21:45:41+00:00\",\"breadcrumb\":{\"@id\":\"https:\/\/careplusmedicine.com\/cn\/%e7%96%bc%e7%97%9b%e6%b2%bb%e7%96%97\/#breadcrumb\"},\"inLanguage\":\"vi\",\"potentialAction\":[{\"@type\":\"ReadAction\",\"target\":[\"https:\/\/careplusmedicine.com\/cn\/%e7%96%bc%e7%97%9b%e6%b2%bb%e7%96%97\/\"]}]},{\"@type\":\"ImageObject\",\"inLanguage\":\"vi\",\"@id\":\"https:\/\/careplusmedicine.com\/cn\/%e7%96%bc%e7%97%9b%e6%b2%bb%e7%96%97\/#primaryimage\",\"url\":\"http:\/\/careplusmedicine.com\/wp-content\/uploads\/2023\/12\/medical-assistant-helping-patient-with-physiotherapy-exercises.jpg\",\"contentUrl\":\"http:\/\/careplusmedicine.com\/wp-content\/uploads\/2023\/12\/medical-assistant-helping-patient-with-physiotherapy-exercises.jpg\",\"width\":1000,\"height\":667},{\"@type\":\"BreadcrumbList\",\"@id\":\"https:\/\/careplusmedicine.com\/cn\/%e7%96%bc%e7%97%9b%e6%b2%bb%e7%96%97\/#breadcrumb\",\"itemListElement\":[{\"@type\":\"ListItem\",\"position\":1,\"name\":\"Home\",\"item\":\"https:\/\/careplusmedicine.com\/\"},{\"@type\":\"ListItem\",\"position\":2,\"name\":\"CN\",\"item\":\"https:\/\/careplusmedicine.com\/cn\/\"},{\"@type\":\"ListItem\",\"position\":3,\"name\":\"\u75bc\u75db\u6cbb\u7597\"}]},{\"@type\":\"WebSite\",\"@id\":\"https:\/\/careplusmedicine.com\/#website\",\"url\":\"https:\/\/careplusmedicine.com\/\",\"name\":\"Care Plus Family Medicine\",\"description\":\"\",\"potentialAction\":[{\"@type\":\"SearchAction\",\"target\":{\"@type\":\"EntryPoint\",\"urlTemplate\":\"https:\/\/careplusmedicine.com\/?s={search_term_string}\"},\"query-input\":\"required name=search_term_string\"}],\"inLanguage\":\"vi\"}]}<\/script>\n<!-- \/ Yoast SEO plugin. -->","yoast_head_json":{"title":"\u75bc\u75db\u6cbb\u7597 - Care Plus Family Medicine","robots":{"index":"index","follow":"follow","max-snippet":"max-snippet:-1","max-image-preview":"max-image-preview:large","max-video-preview":"max-video-preview:-1"},"canonical":"http:\/\/careplusmedicine.com\/vi\/cn\/\u75bc\u75db\u6cbb\u7597\/","og_locale":"vi_VN","og_type":"article","og_title":"\u75bc\u75db\u6cbb\u7597 - Care Plus Family Medicine","og_description":"\u75bc\u75db\u6cbb\u7597 \u75bc\u75db\u662f\u4e00\u79cd\u5e38\u89c1\u7684\u72b6\u51b5\uff0c\u53ef\u80fd\u7531\u4e8e\u5e74\u9f84\u589e\u957f\u6216\u53d7\u4f24\u800c\u4ea7\u751f\uff0c\u65e0\u8bba\u662f\u6025\u6027\u8fd8\u662f\u6162\u6027\u7684\u3002\u5728\u6211\u4eec\u7684\u8bca\u6240\uff0c\u6211\u4eec\u63d0\u4f9b\u5168\u9762\u7684\u75bc\u75db\u6cbb\u7597\u9009\u62e9\uff0c\u5305\u62ec\u75bc\u75db\u836f\u7269\u3001\u9488\u7078\u548c\u7535\u808c\u523a\u6fc0\uff08EMS\uff09 \u7535\u808c\u523a\u6fc0\uff08EMS\uff09\u662f\u4e00\u79cd\u7ecf\u9a8c\u8bc1\u7684\u975e\u4fb5\u5165\u6027\u6cbb\u7597\u65b9\u6cd5\uff0c\u6d89\u53ca\u5c06\u9ad8\u9891\u7535\u4fe1\u53f7\u4f20\u8f93\u5230\u808c\u8089\u548c\u7ec4\u7ec7\u4e2d\u4ee5\u51cf\u8f7b\u75bc\u75db\u3002\u5728\u6574\u4e2a\u6cbb\u7597\u8fc7\u7a0b\u4e2d\uff0c\u7535\u6781\u88ab\u6218\u7565\u6027\u5730\u653e\u7f6e\u5728\u5c40\u90e8\u75bc\u75db\u7684\u76ae\u80a4\u4e0a\u3002\u8fd9\u4e9b\u7535\u6781\u4ea7\u751f\u7684\u4fe1\u53f7\u4e0e\u76ae\u80a4\u4e0b\u7684\u795e\u7ecf\u548c\u7ec4\u7ec7\u76f8\u4e92\u4f5c\u7528\uff0c\u523a\u6fc0\u795e\u7ecf\u548c\u7ec4\u7ec7\uff0c\u52a0\u901f\u6108\u5408\u8fc7\u7a0b\u3002\u6cbb\u7597\u671f\u95f4\u7684\u611f\u89c9\u7c7b\u4f3c\u4e8e\u8f7b\u5fae\u7684\u523a\u75db\u6216\u53d1\u75d2\uff0c\u4e0d\u4f1a\u5f15\u8d77\u75bc\u75db\u3002\u6b64\u5916\uff0c\u7535\u8109\u51b2\u4fc3\u8fdb\u5185\u5561\u80bd\u7684\u4ea7\u751f\uff0c\u8fd9\u662f\u4e00\u79cd\u4fc3\u8fdb\u5e78\u798f\u611f\u5e76\u51cf\u8f7b\u75bc\u75db\u7684\u5316\u5b66\u7269\u8d28\u3002 \u5728\u6211\u4eec\u7684\u8bca\u6240\uff0c\u6211\u4eec\u4f7f\u7528\u5c16\u7aef\u7684TeslaMax\u2122\u7535\u808c\u523a\u6fc0\uff08EMS\uff09\u4f5c\u4e3a\u6211\u4eec\u75bc\u75db\u6cbb\u7597\u7684\u4e00\u90e8\u5206\u3002\u6211\u4eec\u7684\u76ee\u6807\u662f\u5229\u7528\u8fd9\u79cd\u5148\u8fdb\u6280\u672f\u51cf\u5c11\u60a3\u8005\u7684\u4e0d\u9002\u611f\u5e76\u52a0\u901f\u6108\u5408\u8fc7\u7a0b\u3002 \u65b0\u75c5\u60a3 \u60a3\u8005\u767b\u8a18","og_url":"http:\/\/careplusmedicine.com\/vi\/cn\/\u75bc\u75db\u6cbb\u7597\/","og_site_name":"Care Plus Family Medicine","article_modified_time":"2024-02-13T21:45:41+00:00","og_image":[{"width":1000,"height":667,"url":"https:\/\/careplusmedicine.com\/wp-content\/uploads\/2023\/12\/medical-assistant-helping-patient-with-physiotherapy-exercises.jpg","type":"image\/jpeg"}],"twitter_card":"summary_large_image","twitter_misc":{"\u01af\u1edbc t\u00ednh th\u1eddi gian \u0111\u1ecdc":"1 ph\u00fat"},"schema":{"@context":"https:\/\/schema.org","@graph":[{"@type":"WebPage","@id":"https:\/\/careplusmedicine.com\/cn\/%e7%96%bc%e7%97%9b%e6%b2%bb%e7%96%97\/","url":"https:\/\/careplusmedicine.com\/cn\/%e7%96%bc%e7%97%9b%e6%b2%bb%e7%96%97\/","name":"\u75bc\u75db\u6cbb\u7597 - Care Plus Family Medicine","isPartOf":{"@id":"https:\/\/careplusmedicine.com\/#website"},"primaryImageOfPage":{"@id":"https:\/\/careplusmedicine.com\/cn\/%e7%96%bc%e7%97%9b%e6%b2%bb%e7%96%97\/#primaryimage"},"image":{"@id":"https:\/\/careplusmedicine.com\/cn\/%e7%96%bc%e7%97%9b%e6%b2%bb%e7%96%97\/#primaryimage"},"thumbnailUrl":"http:\/\/careplusmedicine.com\/wp-content\/uploads\/2023\/12\/medical-assistant-helping-patient-with-physiotherapy-exercises.jpg","datePublished":"2024-01-26T20:36:06+00:00","dateModified":"2024-02-13T21:45:41+00:00","breadcrumb":{"@id":"https:\/\/careplusmedicine.com\/cn\/%e7%96%bc%e7%97%9b%e6%b2%bb%e7%96%97\/#breadcrumb"},"inLanguage":"vi","potentialAction":[{"@type":"ReadAction","target":["https:\/\/careplusmedicine.com\/cn\/%e7%96%bc%e7%97%9b%e6%b2%bb%e7%96%97\/"]}]},{"@type":"ImageObject","inLanguage":"vi","@id":"https:\/\/careplusmedicine.com\/cn\/%e7%96%bc%e7%97%9b%e6%b2%bb%e7%96%97\/#primaryimage","url":"http:\/\/careplusmedicine.com\/wp-content\/uploads\/2023\/12\/medical-assistant-helping-patient-with-physiotherapy-exercises.jpg","contentUrl":"http:\/\/careplusmedicine.com\/wp-content\/uploads\/2023\/12\/medical-assistant-helping-patient-with-physiotherapy-exercises.jpg","width":1000,"height":667},{"@type":"BreadcrumbList","@id":"https:\/\/careplusmedicine.com\/cn\/%e7%96%bc%e7%97%9b%e6%b2%bb%e7%96%97\/#breadcrumb","itemListElement":[{"@type":"ListItem","position":1,"name":"Home","item":"https:\/\/careplusmedicine.com\/"},{"@type":"ListItem","position":2,"name":"CN","item":"https:\/\/careplusmedicine.com\/cn\/"},{"@type":"ListItem","position":3,"name":"\u75bc\u75db\u6cbb\u7597"}]},{"@type":"WebSite","@id":"https:\/\/careplusmedicine.com\/#website","url":"https:\/\/careplusmedicine.com\/","name":"Care Plus Family Medicine","description":"","potentialAction":[{"@type":"SearchAction","target":{"@type":"EntryPoint","urlTemplate":"https:\/\/careplusmedicine.com\/?s={search_term_string}"},"query-input":"required name=search_term_string"}],"inLanguage":"vi"}]}},"_links":{"self":[{"href":"http:\/\/careplusmedicine.com\/vi\/wp-json\/wp\/v2\/pages\/1232","targetHints":{"allow":["GET"]}}],"collection":[{"href":"http:\/\/careplusmedicine.com\/vi\/wp-json\/wp\/v2\/pages"}],"about":[{"href":"http:\/\/careplusmedicine.com\/vi\/wp-json\/wp\/v2\/types\/page"}],"author":[{"embeddable":true,"href":"http:\/\/careplusmedicine.com\/vi\/wp-json\/wp\/v2\/users\/2"}],"replies":[{"embeddable":true,"href":"http:\/\/careplusmedicine.com\/vi\/wp-json\/wp\/v2\/comments?post=1232"}],"version-history":[{"count":10,"href":"http:\/\/careplusmedicine.com\/vi\/wp-json\/wp\/v2\/pages\/1232\/revisions"}],"predecessor-version":[{"id":1872,"href":"http:\/\/careplusmedicine.com\/vi\/wp-json\/wp\/v2\/pages\/1232\/revisions\/1872"}],"up":[{"embeddable":true,"href":"http:\/\/careplusmedicine.com\/vi\/wp-json\/wp\/v2\/pages\/471"}],"wp:featuredmedia":[{"embeddable":true,"href":"http:\/\/careplusmedicine.com\/vi\/wp-json\/wp\/v2\/media\/697"}],"wp:attachment":[{"href":"http:\/\/careplusmedicine.com\/vi\/wp-json\/wp\/v2\/media?parent=1232"}],"curies":[{"name":"wp","href":"https:\/\/api.w.org\/{rel}","templated":true}]}}